{"id":877,"date":"2024-09-22T09:44:24","date_gmt":"2024-09-22T07:44:24","guid":{"rendered":"https:\/\/paar-gespraech.de\/declaration-de-protection-des-donnees\/"},"modified":"2025-01-26T15:47:38","modified_gmt":"2025-01-26T14:47:38","slug":"declaration-de-protection-des-donnees","status":"publish","type":"page","link":"https:\/\/paar-gespraech.de\/fr\/declaration-de-protection-des-donnees\/","title":{"rendered":"D\u00e9claration de protection des donn\u00e9es"},"content":{"rendered":"\n<p>Derni\u00e8re mise \u00e0 jour : 22 septembre 2024<\/p>\n\n<p>Chez PaarGespr\u00e4ch <a href=\"https:\/\/paar-gespraech.de\/impressum\/\" data-type=\"page\" data-id=\"529\">, nous<\/a> respectons profond\u00e9ment ta vie priv\u00e9e et nous nous engageons \u00e0 prot\u00e9ger tes informations personnelles. Nous comprenons que tu nous confies des d\u00e9tails sensibles sur votre relation et nous prenons cette responsabilit\u00e9 tr\u00e8s au s\u00e9rieux. Voici comment nous traitons ta vie priv\u00e9e :  <\/p>\n\n<p>Nos promesses pour toi :<\/p>\n\n<p>1. nous ne vendons jamais tes donn\u00e9es !<\/p>\n\n<p>Tes informations personnelles n&rsquo;appartiennent qu&rsquo;\u00e0 toi. Nous ne vendons pas, n&rsquo;\u00e9changeons pas et ne partageons pas tes donn\u00e9es avec des tiers \u00e0 des fins de marketing ou autres. Notre mod\u00e8le d&rsquo;entreprise est bas\u00e9 sur le fait de te fournir un service de valeur, et non sur le fait de profiter de tes informations personnelles.  <\/p>\n\n<p>2. tes donn\u00e9es am\u00e9liorent ton exp\u00e9rience<\/p>\n\n<p>Les informations que tu partages avec PaarGespr\u00e4ch &#8211; comme tes conversations, votre situation, etc. &#8211; sont utilis\u00e9es uniquement pour am\u00e9liorer ton exp\u00e9rience au sein de l&rsquo;application. Cela nous aide \u00e0 te fournir un soutien personnalis\u00e9, des strat\u00e9gies d&rsquo;adaptation et des connaissances adapt\u00e9es \u00e0 tes besoins. <\/p>\n\n<p>3. tes informations <strong>sont &amp; restent s\u00e9curis\u00e9es<\/strong>!<\/p>\n\n<p>Nous attachons la plus grande importance \u00e0 la s\u00e9curit\u00e9 de tes donn\u00e9es. Nous utilisons des m\u00e9thodes de cryptage robustes (AES) pour prot\u00e9ger tes informations \u00e0 la fois lors du stockage sur nos serveurs et lors de la transmission entre ton appareil et nos serveurs. <\/p>\n\n<ul class=\"wp-block-list\">\n<li>Cryptage : toutes tes donn\u00e9es sont crypt\u00e9es pendant la transmission et en mode veille.<\/li>\n\n\n\n<li>Mesures de s\u00e9curit\u00e9 : Nous mettons en \u0153uvre des protocoles de s\u00e9curit\u00e9 conformes aux normes du secteur afin d&#8217;emp\u00eacher tout acc\u00e8s non autoris\u00e9.<\/li>\n<\/ul>\n\n<p>4. tes conversations sont confidentielles<\/p>\n\n<p>Tes interactions avec PaarGespr\u00e4ch sont priv\u00e9es. Nous ne lisons pas ou ne surveillons pas tes conversations afin de te fournir un espace s\u00fbr dans lequel tu peux t&rsquo;exprimer librement. Les conversations de session et les entr\u00e9es de journal sont en outre enregistr\u00e9es sous forme crypt\u00e9e AES.  <\/p>\n\n<p>5. tu as le contr\u00f4le de tes donn\u00e9es<\/p>\n\n<ul class=\"wp-block-list\">\n<li>Pas d&rsquo;utilisation des donn\u00e9es pour l&rsquo;entra\u00eenement \u00e0 l&rsquo;IA : nous n&rsquo;utilisons pas tes donn\u00e9es personnelles pour entra\u00eener des mod\u00e8les d&rsquo;IA externes.<\/li>\n\n\n\n<li>Suppression du compte : si tu supprimes ton compte, toutes tes donn\u00e9es personnelles seront d\u00e9finitivement supprim\u00e9es de nos syst\u00e8mes.<\/li>\n<\/ul>\n\n<p>6. nous respectons tes choix<\/p>\n\n<p>7. pas de collecte de donn\u00e9es inutiles<\/p>\n\n<p>Nous ne collectons que les informations n\u00e9cessaires \u00e0 la fourniture et \u00e0 l&rsquo;am\u00e9lioration de nos services.<\/p>\n\n<p>8. utilisation de Google Firebase et OpenAI<\/p>\n\n<p>Notre application utilise Google Firebase pour stocker en toute s\u00e9curit\u00e9 des donn\u00e9es telles que les adresses e-mail, les pr\u00e9noms et les donn\u00e9es d&rsquo;interaction. Firebase est un service de Google LLC et peut stocker des donn\u00e9es aux \u00c9tats-Unis ou dans l&rsquo;UE. Google est certifi\u00e9 selon les clauses contractuelles standard afin de garantir un niveau de protection des donn\u00e9es ad\u00e9quat. Pour plus d&rsquo;informations, consulte la d\u00e9claration de confidentialit\u00e9 de Google Firebase : https:\/\/firebase.google.com\/support\/privacy?hl=de.     <\/p>\n\n<p>Pour fournir nos services, nous utilisons les technologies d&rsquo;OpenAI, un fournisseur de services d&rsquo;intelligence artificielle, en particulier pour le traitement des donn\u00e9es textuelles et vocales. OpenAI est certifi\u00e9e selon SOC 2 Type 2 et offre une garantie contractuelle de respect du <strong>RGPD<\/strong> et d&rsquo;autres lois sur la protection des donn\u00e9es via un <a href=\"http:\/\/paar-gespraech.de\/wp-content\/uploads\/2025\/01\/Data-Processing-Agreement-Michael-Wager-and-OpenAI.pdf\"><strong>Data Processing Addendum (DPA)<\/strong>.<\/a> Pour plus d&rsquo;informations sur la s\u00e9curit\u00e9 des donn\u00e9es d&rsquo;OpenAI, consulte la <a href=\"https:\/\/openai.com\/security\">page S\u00e9curit\u00e9 d&rsquo;OpenAI<\/a>. Le traitement a lieu uniquement pour garantir la fonctionnalit\u00e9 de l&rsquo;application. Tes donn\u00e9es ne seront pas utilis\u00e9es ou transmises \u00e0 d&rsquo;autres fins.   <\/p>\n\n<p>9. contact<\/p>\n\n<p>Si tu as des questions ou des pr\u00e9occupations concernant ta vie priv\u00e9e, n&rsquo;h\u00e9site pas \u00e0 nous contacter :<\/p>\n\n<ul class=\"wp-block-list\">\n<li>E-mail : hallo@paar-gespraech.de<\/li>\n<\/ul>\n\n<p>Merci de choisir PaarGespr\u00e4ch comme ton compagnon sur le chemin d&rsquo;une meilleure relation. Nous nous engageons \u00e0 prot\u00e9ger ta vie priv\u00e9e \u00e0 chaque \u00e9tape. <\/p>\n\n<p><\/p>\n","protected":false},"excerpt":{"rendered":"<p>Derni\u00e8re mise \u00e0 jour : 22 septembre 2024 Chez PaarGespr\u00e4ch , nous respectons profond\u00e9ment ta vie priv\u00e9e et nous nous engageons \u00e0 prot\u00e9ger tes informations personnelles. Nous comprenons que tu nous confies des d\u00e9tails sensibles sur votre relation et nous prenons cette responsabilit\u00e9 tr\u00e8s au s\u00e9rieux. Voici comment nous traitons ta vie priv\u00e9e : Nos [&hellip;]<\/p>\n","protected":false},"author":1,"featured_media":0,"parent":0,"menu_order":0,"comment_status":"closed","ping_status":"closed","template":"","meta":{"footnotes":""},"class_list":["post-877","page","type-page","status-publish","hentry"],"_links":{"self":[{"href":"https:\/\/paar-gespraech.de\/fr\/wp-json\/wp\/v2\/pages\/877","targetHints":{"allow":["GET"]}}],"collection":[{"href":"https:\/\/paar-gespraech.de\/fr\/wp-json\/wp\/v2\/pages"}],"about":[{"href":"https:\/\/paar-gespraech.de\/fr\/wp-json\/wp\/v2\/types\/page"}],"author":[{"embeddable":true,"href":"https:\/\/paar-gespraech.de\/fr\/wp-json\/wp\/v2\/users\/1"}],"replies":[{"embeddable":true,"href":"https:\/\/paar-gespraech.de\/fr\/wp-json\/wp\/v2\/comments?post=877"}],"version-history":[{"count":1,"href":"https:\/\/paar-gespraech.de\/fr\/wp-json\/wp\/v2\/pages\/877\/revisions"}],"predecessor-version":[{"id":878,"href":"https:\/\/paar-gespraech.de\/fr\/wp-json\/wp\/v2\/pages\/877\/revisions\/878"}],"wp:attachment":[{"href":"https:\/\/paar-gespraech.de\/fr\/wp-json\/wp\/v2\/media?parent=877"}],"curies":[{"name":"wp","href":"https:\/\/api.w.org\/{rel}","templated":true}]}}