{"id":862,"date":"2024-10-03T13:28:33","date_gmt":"2024-10-03T11:28:33","guid":{"rendered":"https:\/\/paar-gespraech.de\/la-roue-des-relations\/"},"modified":"2025-01-20T07:23:06","modified_gmt":"2025-01-20T06:23:06","slug":"la-roue-des-relations","status":"publish","type":"page","link":"https:\/\/paar-gespraech.de\/fr\/la-roue-des-relations\/","title":{"rendered":"La roue des relations"},"content":{"rendered":"\n<p>La roue des relations est une m\u00e9thode permettant d&rsquo;examiner diff\u00e9rents domaines d&rsquo;une relation. Elle aide \u00e0 d\u00e9couvrir quelles parties de la relation fonctionnent bien et o\u00f9 il y a des probl\u00e8mes. La roue se compose de plusieurs parties qui repr\u00e9sentent des th\u00e8mes importants dans un partenariat. Ces th\u00e8mes sont les suivants :   <\/p>\n\n<ul class=\"wp-block-list\">\n<li><strong>Libert\u00e9 et ind\u00e9pendance<\/strong><\/li>\n\n\n\n<li><strong>Intimit\u00e9 et sexe<\/strong><\/li>\n\n\n\n<li><strong>\u00c9ducation des enfants<\/strong><\/li>\n\n\n\n<li><strong>Communication<\/strong><\/li>\n\n\n\n<li><strong>R\u00e9solution de conflits<\/strong><\/li>\n\n\n\n<li><strong>Ch\u00e8re<\/strong><\/li>\n\n\n\n<li><strong>R\u00e9partition des r\u00f4les et obligations<\/strong><\/li>\n\n\n\n<li><strong>Prendre soin de soi<\/strong><\/li>\n\n\n\n<li><strong>Confiance<\/strong><\/li>\n\n\n\n<li><strong>Valeurs et objectifs de vie<\/strong><\/li>\n\n\n\n<li><strong>Appr\u00e9ciation<\/strong><\/li>\n\n\n\n<li><strong>Du temps ensemble<\/strong><\/li>\n<\/ul>\n\n<p><strong>Comment fonctionne la roue des relations ?<\/strong><strong><\/strong><\/p>\n\n<p>L&rsquo;id\u00e9e de la roue des relations est qu&rsquo;une bonne relation doit \u00eatre \u00e9quilibr\u00e9e dans tous les domaines importants.<\/p>\n\n<figure class=\"wp-block-image size-large\"><img loading=\"lazy\" decoding=\"async\" width=\"724\" height=\"1024\" src=\"https:\/\/paar-gespraech.de\/wp-content\/uploads\/2024\/10\/Beziehungsrad-farbig-724x1024.jpg\" alt=\"\" class=\"wp-image-458\" srcset=\"https:\/\/paar-gespraech.de\/wp-content\/uploads\/2024\/10\/Beziehungsrad-farbig-724x1024.jpg 724w, https:\/\/paar-gespraech.de\/wp-content\/uploads\/2024\/10\/Beziehungsrad-farbig-212x300.jpg 212w, https:\/\/paar-gespraech.de\/wp-content\/uploads\/2024\/10\/Beziehungsrad-farbig-768x1086.jpg 768w, https:\/\/paar-gespraech.de\/wp-content\/uploads\/2024\/10\/Beziehungsrad-farbig-1086x1536.jpg 1086w, https:\/\/paar-gespraech.de\/wp-content\/uploads\/2024\/10\/Beziehungsrad-farbig-1448x2048.jpg 1448w, https:\/\/paar-gespraech.de\/wp-content\/uploads\/2024\/10\/Beziehungsrad-farbig-8x12.jpg 8w, https:\/\/paar-gespraech.de\/wp-content\/uploads\/2024\/10\/Beziehungsrad-farbig-scaled.jpg 1811w\" sizes=\"auto, (max-width: 724px) 100vw, 724px\" \/><\/figure>\n\n<p>L&rsquo;ensemble de ces zones forme la \u00ab\u00a0roue\u00a0\u00bb, et l&rsquo;objectif est que toutes les parties soient aussi fortes que possible. Si l&rsquo;une des parties est plus faible, la roue \u00ab\u00a0ne tourne pas rond\u00a0\u00bb et la relation pourrait avoir des probl\u00e8mes dans ce domaine. <\/p>\n\n<p><strong>Guide d&rsquo;utilisation de la roue des relations<\/strong><strong><\/strong><\/p>\n\n<p>Voici un guide simple pour partager la roue des relations :<\/p>\n\n<p><strong>1. prendre le temps<\/strong><strong><\/strong><\/p>\n\n<p>Trouve un moment calme o\u00f9 vous avez tous les deux le temps de parler de votre relation. Prends une feuille de papier et dessine la roue de la relation ou trouve un mod\u00e8le \u00e0 imprimer. <\/p>\n\n<p><strong>2. s\u00e9lectionner des zones<\/strong><\/p>\n\n<p>R\u00e9fl\u00e9chis aux th\u00e8mes qui sont importants pour toi dans ta relation. Il peut s&rsquo;agir des domaines mentionn\u00e9s ci-dessus comme la communication, l&rsquo;intimit\u00e9 ou la confiance, mais aussi d&rsquo;autres qui te semblent importants. <\/p>\n\n<p><strong>3\u00e8me \u00e9valuation<\/strong><\/p>\n\n<p>Chacun de vous remplit proportionnellement les zones en couleur et \u00e9value les diff\u00e9rentes zones sur une \u00e9chelle de 1 \u00e0 10. Plus la zone est remplie, plus tu es satisfait de la zone. Fais-le d&rsquo;abord pour toi seul. <\/p>\n\n<p><strong>4. comparer les r\u00e9sultats<\/strong><\/p>\n\n<p>Compare ensuite tes \u00e9valuations les unes aux autres. O\u00f9 vos \u00e9valuations sont-elles similaires et o\u00f9 y a-t-il des diff\u00e9rences ? <\/p>\n\n<p><strong>5. en parler<\/strong><\/p>\n\n<p>Discute des domaines dans lesquels tu as \u00e9valu\u00e9 diff\u00e9remment. Pourquoi l&rsquo;un des partenaires a-t-il une \u00e9valuation diff\u00e9rente ? Utilise cette discussion pour d\u00e9couvrir ce dont chacun de vous a besoin pour \u00eatre plus heureux dans sa relation.  <\/p>\n\n<p><strong>6. fixer des objectifs<\/strong><\/p>\n\n<p>Mettez-vous d&rsquo;accord sur les domaines que vous souhaitez am\u00e9liorer ensemble. R\u00e9fl\u00e9chis \u00e0 ce que tu peux faire concr\u00e8tement pour renforcer ces domaines &#8211; peut-\u00eatre pr\u00e9voir plus de temps l&rsquo;un pour l&rsquo;autre ou parler r\u00e9guli\u00e8rement ensemble. <\/p>\n\n<p><strong>7. v\u00e9rification r\u00e9guli\u00e8re<\/strong><\/p>\n\n<p>Ne remplis pas la roue des relations une seule fois, mais regarde-la \u00e0 nouveau tous les quelques mois. Tu pourras ainsi voir s&rsquo;il y a des progr\u00e8s et si tu as de nouveaux d\u00e9fis \u00e0 relever. <\/p>\n\n<p><strong>Avantages de la roue des relations<\/strong><strong><\/strong><\/p>\n\n<p>La roue des relations offre de nombreux avantages aux couples qui souhaitent am\u00e9liorer leur relation :<\/p>\n\n<p>&#8211; **Une structure claire** : Il t&rsquo;aide \u00e0 voir clairement les sujets les plus importants dans la relation.<\/p>\n\n<p>&#8211; **Une meilleure communication** : Tu peux parler plus ouvertement de tes souhaits et de tes probl\u00e8mes.<\/p>\n\n<p>&#8211; **Trouver des probl\u00e8mes** : Il te montre o\u00f9 tu peux commencer dans la relation pour l&rsquo;am\u00e9liorer.<\/p>\n\n<p>&#8211; **Soins relationnels** : L&rsquo;utilisation r\u00e9guli\u00e8re de la roue de la relation renforce la relation et vous fait grandir en tant que couple.<\/p>\n\n<p><strong>Conclusion<\/strong><strong><\/strong><\/p>\n\n<p>La roue des relations est une m\u00e9thode simple et efficace pour analyser et am\u00e9liorer ta relation. Elle t&rsquo;aide \u00e0 parler des th\u00e8mes importants dans ton couple et \u00e0 trouver des moyens de les renforcer. En analysant r\u00e9guli\u00e8rement ta relation, tu pourras vivre une relation de couple heureuse et \u00e9panouie \u00e0 long terme.  <\/p>\n\n<p><\/p>\n","protected":false},"excerpt":{"rendered":"<p>La roue des relations est une m\u00e9thode permettant d&rsquo;examiner diff\u00e9rents domaines d&rsquo;une relation. Elle aide \u00e0 d\u00e9couvrir quelles parties de la relation fonctionnent bien et o\u00f9 il y a des probl\u00e8mes. La roue se compose de plusieurs parties qui repr\u00e9sentent des th\u00e8mes importants dans un partenariat. Ces th\u00e8mes sont les suivants : Comment fonctionne la [&hellip;]<\/p>\n","protected":false},"author":2,"featured_media":0,"parent":0,"menu_order":0,"comment_status":"closed","ping_status":"closed","template":"","meta":{"footnotes":""},"class_list":["post-862","page","type-page","status-publish","hentry"],"_links":{"self":[{"href":"https:\/\/paar-gespraech.de\/fr\/wp-json\/wp\/v2\/pages\/862","targetHints":{"allow":["GET"]}}],"collection":[{"href":"https:\/\/paar-gespraech.de\/fr\/wp-json\/wp\/v2\/pages"}],"about":[{"href":"https:\/\/paar-gespraech.de\/fr\/wp-json\/wp\/v2\/types\/page"}],"author":[{"embeddable":true,"href":"https:\/\/paar-gespraech.de\/fr\/wp-json\/wp\/v2\/users\/2"}],"replies":[{"embeddable":true,"href":"https:\/\/paar-gespraech.de\/fr\/wp-json\/wp\/v2\/comments?post=862"}],"version-history":[{"count":1,"href":"https:\/\/paar-gespraech.de\/fr\/wp-json\/wp\/v2\/pages\/862\/revisions"}],"predecessor-version":[{"id":863,"href":"https:\/\/paar-gespraech.de\/fr\/wp-json\/wp\/v2\/pages\/862\/revisions\/863"}],"wp:attachment":[{"href":"https:\/\/paar-gespraech.de\/fr\/wp-json\/wp\/v2\/media?parent=862"}],"curies":[{"name":"wp","href":"https:\/\/api.w.org\/{rel}","templated":true}]}}