{"id":875,"date":"2024-09-22T09:44:24","date_gmt":"2024-09-22T07:44:24","guid":{"rendered":"https:\/\/paar-gespraech.de\/politica-de-privacidad\/"},"modified":"2025-01-26T15:47:38","modified_gmt":"2025-01-26T14:47:38","slug":"politica-de-privacidad","status":"publish","type":"page","link":"https:\/\/paar-gespraech.de\/es\/politica-de-privacidad\/","title":{"rendered":"Pol\u00edtica de privacidad"},"content":{"rendered":"\n<p>\u00daltima actualizaci\u00f3n: 22 de septiembre de 2024<\/p>\n\n<p>En <a href=\"https:\/\/paar-gespraech.de\/impressum\/\" data-type=\"page\" data-id=\"529\">PaarGespr\u00e4ch<\/a> respetamos profundamente tu privacidad y nos comprometemos a proteger tu informaci\u00f3n personal. Entendemos que nos conf\u00edas detalles delicados sobre tu relaci\u00f3n y nos tomamos esta responsabilidad muy en serio. A continuaci\u00f3n te explicamos c\u00f3mo tratamos tu privacidad:  <\/p>\n\n<p>Nuestro compromiso contigo:<\/p>\n\n<p>1. \u00a1nunca vendemos tus datos!<\/p>\n\n<p>Tu informaci\u00f3n personal s\u00f3lo te pertenece a ti. No vendemos, comerciamos ni compartimos tu informaci\u00f3n con terceros para fines de marketing o de otro tipo. Nuestro modelo de negocio se basa en proporcionarte un servicio valioso, no en lucrarnos con tu informaci\u00f3n personal.  <\/p>\n\n<p>2. tus datos mejoran tu experiencia<\/p>\n\n<p>La informaci\u00f3n que compartas con PaarGespr\u00e4ch -como tus conversaciones, tu situaci\u00f3n, etc.- s\u00f3lo se utilizar\u00e1 para mejorar tu experiencia dentro de la aplicaci\u00f3n. Esto nos ayuda a proporcionarte ayuda personalizada, estrategias de afrontamiento y conocimientos adaptados a tus necesidades. <\/p>\n\n<p>3. \u00a1tu informaci\u00f3n <strong>est\u00e1 y permanece segura<\/strong>!<\/p>\n\n<p>Nos tomamos muy en serio la seguridad de tus datos. Utilizamos s\u00f3lidos m\u00e9todos de encriptaci\u00f3n (AES) para proteger tu informaci\u00f3n tanto cuando se almacena en nuestros servidores como cuando se transfiere entre tu dispositivo y nuestros servidores. <\/p>\n\n<ul class=\"wp-block-list\">\n<li>Cifrado: Todos tus datos se cifran durante la transmisi\u00f3n y en reposo.<\/li>\n\n\n\n<li>Medidas de seguridad: Aplicamos protocolos de seguridad est\u00e1ndar del sector para impedir el acceso no autorizado.<\/li>\n<\/ul>\n\n<p>4. tus conversaciones son confidenciales<\/p>\n\n<p>Tus interacciones con PaarGespr\u00e4ch son privadas. No leemos ni controlamos tus conversaciones para proporcionarte un espacio seguro en el que puedas expresarte libremente. Las conversaciones de la sesi\u00f3n y las entradas del diario tambi\u00e9n se almacenan de forma encriptada AES.  <\/p>\n\n<p>5. tienes control sobre tus datos<\/p>\n\n<ul class=\"wp-block-list\">\n<li>Sin uso de datos para entrenamiento de IA: No utilizamos tus datos personales para entrenar modelos externos de IA.<\/li>\n\n\n\n<li>Eliminaci\u00f3n de la cuenta: Si eliminas tu cuenta, todos tus datos personales ser\u00e1n eliminados permanentemente de nuestros sistemas.<\/li>\n<\/ul>\n\n<p>6 Respetamos tus decisiones<\/p>\n\n<p>7. no recopilar datos innecesarios<\/p>\n\n<p>S\u00f3lo recogemos la informaci\u00f3n necesaria para la prestaci\u00f3n y mejora de nuestros servicios.<\/p>\n\n<p>8. uso de Google Firebase y OpenAI<\/p>\n\n<p>Nuestra aplicaci\u00f3n utiliza Google Firebase para almacenar de forma segura datos como direcciones de correo electr\u00f3nico, nombres de pila y datos de interacci\u00f3n. Firebase es un servicio de Google LLC y puede almacenar datos en EE.UU. o en la UE. Google est\u00e1 certificado conforme a las Cl\u00e1usulas Contractuales Tipo para garantizar un nivel adecuado de protecci\u00f3n de datos. Puedes encontrar m\u00e1s informaci\u00f3n en la pol\u00edtica de privacidad de Google Firebase: https:\/\/firebase.google.com\/support\/privacy?hl=de.     <\/p>\n\n<p>Para prestar nuestros servicios, utilizamos tecnolog\u00edas de OpenAI, un proveedor de servicios de IA, en particular para el tratamiento de datos de texto y voz. OpenAI est\u00e1 certificada seg\u00fan SOC 2 Tipo 2 y ofrece una garant\u00eda contractual de cumplimiento del <strong>GDPR<\/strong> y otras leyes de protecci\u00f3n de datos mediante un <a href=\"http:\/\/paar-gespraech.de\/wp-content\/uploads\/2025\/01\/Data-Processing-Agreement-Michael-Wager-and-OpenAI.pdf\"><strong>Anexo de Procesamiento de Datos (DPA)<\/strong>.<\/a> Puedes encontrar m\u00e1s informaci\u00f3n sobre la seguridad de los datos de OpenAI en la <a href=\"https:\/\/openai.com\/security\">p\u00e1gina Seguridad de OpenAI<\/a>. El tratamiento se lleva a cabo exclusivamente para garantizar la funcionalidad de la app. Tus datos no se utilizar\u00e1n ni se transmitir\u00e1n para otros fines.   <\/p>\n\n<p>9. contacto<\/p>\n\n<p>Si tienes alguna pregunta o duda sobre tu privacidad, ponte en contacto con nosotros:<\/p>\n\n<ul class=\"wp-block-list\">\n<li>Correo electr\u00f3nico: hallo@paar-gespraech.de<\/li>\n<\/ul>\n\n<p>Gracias por elegir PaarGespr\u00e4ch como compa\u00f1ero en tu viaje hacia una relaci\u00f3n mejor. Nos comprometemos a proteger tu privacidad en todo momento. <\/p>\n\n<p><\/p>\n","protected":false},"excerpt":{"rendered":"<p>\u00daltima actualizaci\u00f3n: 22 de septiembre de 2024 En PaarGespr\u00e4ch respetamos profundamente tu privacidad y nos comprometemos a proteger tu informaci\u00f3n personal. Entendemos que nos conf\u00edas detalles delicados sobre tu relaci\u00f3n y nos tomamos esta responsabilidad muy en serio. A continuaci\u00f3n te explicamos c\u00f3mo tratamos tu privacidad: Nuestro compromiso contigo: 1. \u00a1nunca vendemos tus datos! Tu [&hellip;]<\/p>\n","protected":false},"author":1,"featured_media":0,"parent":0,"menu_order":0,"comment_status":"closed","ping_status":"closed","template":"","meta":{"footnotes":""},"class_list":["post-875","page","type-page","status-publish","hentry"],"_links":{"self":[{"href":"https:\/\/paar-gespraech.de\/es\/wp-json\/wp\/v2\/pages\/875","targetHints":{"allow":["GET"]}}],"collection":[{"href":"https:\/\/paar-gespraech.de\/es\/wp-json\/wp\/v2\/pages"}],"about":[{"href":"https:\/\/paar-gespraech.de\/es\/wp-json\/wp\/v2\/types\/page"}],"author":[{"embeddable":true,"href":"https:\/\/paar-gespraech.de\/es\/wp-json\/wp\/v2\/users\/1"}],"replies":[{"embeddable":true,"href":"https:\/\/paar-gespraech.de\/es\/wp-json\/wp\/v2\/comments?post=875"}],"version-history":[{"count":1,"href":"https:\/\/paar-gespraech.de\/es\/wp-json\/wp\/v2\/pages\/875\/revisions"}],"predecessor-version":[{"id":876,"href":"https:\/\/paar-gespraech.de\/es\/wp-json\/wp\/v2\/pages\/875\/revisions\/876"}],"wp:attachment":[{"href":"https:\/\/paar-gespraech.de\/es\/wp-json\/wp\/v2\/media?parent=875"}],"curies":[{"name":"wp","href":"https:\/\/api.w.org\/{rel}","templated":true}]}}