{"id":858,"date":"2024-10-03T13:28:33","date_gmt":"2024-10-03T11:28:33","guid":{"rendered":"https:\/\/paar-gespraech.de\/la-rueda-de-las-relaciones\/"},"modified":"2025-01-20T07:23:00","modified_gmt":"2025-01-20T06:23:00","slug":"la-rueda-de-las-relaciones","status":"publish","type":"page","link":"https:\/\/paar-gespraech.de\/es\/la-rueda-de-las-relaciones\/","title":{"rendered":"La rueda de las relaciones"},"content":{"rendered":"\n<p>La rueda de las relaciones es un m\u00e9todo para analizar distintas \u00e1reas de una relaci\u00f3n. Ayuda a averiguar qu\u00e9 partes de la relaci\u00f3n van bien y d\u00f3nde hay problemas. La rueda consta de varias partes que representan temas importantes en una relaci\u00f3n. Estos temas son   <\/p>\n\n<ul class=\"wp-block-list\">\n<li><strong>Libertad e independencia<\/strong><\/li>\n\n\n\n<li><strong>Intimidad y sexo<\/strong><\/li>\n\n\n\n<li><strong>Educaci\u00f3n infantil<\/strong><\/li>\n\n\n\n<li><strong>Comunicaci\u00f3n<\/strong><\/li>\n\n\n\n<li><strong>Resoluci\u00f3n de conflictos<\/strong><\/li>\n\n\n\n<li><strong>Amor<\/strong><\/li>\n\n\n\n<li><strong>Asignaci\u00f3n de funciones y deberes<\/strong><\/li>\n\n\n\n<li><strong>Autocuidado<\/strong><\/li>\n\n\n\n<li><strong>Conf\u00eda en<\/strong><\/li>\n\n\n\n<li><strong>Valores y objetivos vitales<\/strong><\/li>\n\n\n\n<li><strong>Agradecimiento<\/strong><\/li>\n\n\n\n<li><strong>Tiempo juntos<\/strong><\/li>\n<\/ul>\n\n<p><strong>\u00bfC\u00f3mo funciona la rueda de las relaciones?<\/strong><strong><\/strong><\/p>\n\n<p>La idea de la rueda de las relaciones es que una buena relaci\u00f3n debe estar equilibrada en todas las \u00e1reas importantes.<\/p>\n\n<figure class=\"wp-block-image size-large\"><img loading=\"lazy\" decoding=\"async\" width=\"724\" height=\"1024\" src=\"https:\/\/paar-gespraech.de\/wp-content\/uploads\/2024\/10\/Beziehungsrad-farbig-724x1024.jpg\" alt=\"\" class=\"wp-image-458\" srcset=\"https:\/\/paar-gespraech.de\/wp-content\/uploads\/2024\/10\/Beziehungsrad-farbig-724x1024.jpg 724w, https:\/\/paar-gespraech.de\/wp-content\/uploads\/2024\/10\/Beziehungsrad-farbig-212x300.jpg 212w, https:\/\/paar-gespraech.de\/wp-content\/uploads\/2024\/10\/Beziehungsrad-farbig-768x1086.jpg 768w, https:\/\/paar-gespraech.de\/wp-content\/uploads\/2024\/10\/Beziehungsrad-farbig-1086x1536.jpg 1086w, https:\/\/paar-gespraech.de\/wp-content\/uploads\/2024\/10\/Beziehungsrad-farbig-1448x2048.jpg 1448w, https:\/\/paar-gespraech.de\/wp-content\/uploads\/2024\/10\/Beziehungsrad-farbig-8x12.jpg 8w, https:\/\/paar-gespraech.de\/wp-content\/uploads\/2024\/10\/Beziehungsrad-farbig-scaled.jpg 1811w\" sizes=\"auto, (max-width: 724px) 100vw, 724px\" \/><\/figure>\n\n<p>Estas zonas juntas forman la \u00abrueda\u00bb, y el objetivo es que todas las partes sean lo m\u00e1s fuertes posible. Si una parte es m\u00e1s d\u00e9bil, la rueda se \u00abdesv\u00eda\u00bb y la relaci\u00f3n podr\u00eda tener problemas en esta \u00e1rea. <\/p>\n\n<p><strong>Instrucciones para utilizar la rueda de relaciones<\/strong><strong><\/strong><\/p>\n\n<p>Aqu\u00ed tienes una gu\u00eda sencilla sobre c\u00f3mo pod\u00e9is utilizar juntos la rueda de las relaciones:<\/p>\n\n<p><strong>1. t\u00f3mate tu tiempo<\/strong><strong><\/strong><\/p>\n\n<p>Busca un momento tranquilo en el que ambos teng\u00e1is tiempo para hablar de vuestra relaci\u00f3n. Coge un papel y dibuja la rueda de la relaci\u00f3n o busca una plantilla para imprimir. <\/p>\n\n<p><strong>2. selecciona las zonas<\/strong><\/p>\n\n<p>Piensa qu\u00e9 temas son importantes para ti en tu relaci\u00f3n. Podr\u00edan ser los \u00e1mbitos mencionados anteriormente, como la comunicaci\u00f3n, la intimidad o la confianza, pero tambi\u00e9n otros que te parezcan importantes. <\/p>\n\n<p><strong>3. evaluaci\u00f3n<\/strong><\/p>\n\n<p>Cada uno de vosotros rellena las zonas de color y valora las distintas zonas en una escala del 1 al 10. Cuanto m\u00e1s rellenada est\u00e9 la zona, m\u00e1s satisfecho estar\u00e1s con ella. Hacedlo primero vosotros mismos. <\/p>\n\n<p><strong>4. compara los resultados<\/strong><\/p>\n\n<p>A continuaci\u00f3n, compara tus valoraciones entre s\u00ed. \u00bfEn qu\u00e9 se parecen vuestras valoraciones y en qu\u00e9 hay diferencias? <\/p>\n\n<p><strong>5. hablar de ello<\/strong><\/p>\n\n<p>Discutid las \u00e1reas en las que hab\u00e9is evaluado de forma diferente. \u00bfPor qu\u00e9 un miembro de la pareja tiene una evaluaci\u00f3n diferente? Utiliza esta conversaci\u00f3n para averiguar qu\u00e9 necesita cada uno de vosotros para ser m\u00e1s feliz en la relaci\u00f3n.  <\/p>\n\n<p><strong>6. fija objetivos<\/strong><\/p>\n\n<p>Acordad qu\u00e9 \u00e1reas os gustar\u00eda mejorar juntos. Pensad qu\u00e9 pod\u00e9is hacer espec\u00edficamente para reforzar esas \u00e1reas: tal vez planificar m\u00e1s tiempo para vosotros o hablar con regularidad. <\/p>\n\n<p><strong>7. revisi\u00f3n peri\u00f3dica:<\/strong><\/p>\n\n<p>No te limites a rellenar la rueda de relaciones una sola vez, sino que vuelve a mirarla cada pocos meses. As\u00ed podr\u00e1s ver si progresas y si te enfrentas a nuevos retos. <\/p>\n\n<p><strong>Ventajas de la rueda de relaciones<\/strong><strong><\/strong><\/p>\n\n<p>La rueda de las relaciones ofrece muchas ventajas a las parejas que quieren mejorar su relaci\u00f3n:<\/p>\n\n<p>&#8211; Estructura clara**: Te ayuda a ver con claridad las cuestiones m\u00e1s importantes de la relaci\u00f3n.<\/p>\n\n<p>&#8211; Mejor comunicaci\u00f3n**: Puedes hablar m\u00e1s abiertamente de tus deseos y problemas.<\/p>\n\n<p>&#8211; Encuentra problemas**: Te muestra por d\u00f3nde puedes empezar en la relaci\u00f3n para mejorarla.<\/p>\n\n<p>&#8211; Cuidado de la relaci\u00f3n**: El uso regular de la rueda de las relaciones fortalece tu relaci\u00f3n y te permite crecer como pareja.<\/p>\n\n<p><strong>Conclusi\u00f3n<\/strong><strong><\/strong><\/p>\n\n<p>La rueda de las relaciones es un m\u00e9todo sencillo y eficaz para analizar y mejorar tu relaci\u00f3n. Te ayuda a hablar de los temas importantes de tu relaci\u00f3n y a encontrar formas de fortalecerla. Analizando regularmente tu relaci\u00f3n, puedes tener una relaci\u00f3n feliz y satisfactoria a largo plazo.  <\/p>\n\n<p><\/p>\n","protected":false},"excerpt":{"rendered":"<p>La rueda de las relaciones es un m\u00e9todo para analizar distintas \u00e1reas de una relaci\u00f3n. Ayuda a averiguar qu\u00e9 partes de la relaci\u00f3n van bien y d\u00f3nde hay problemas. La rueda consta de varias partes que representan temas importantes en una relaci\u00f3n. Estos temas son \u00bfC\u00f3mo funciona la rueda de las relaciones? La idea de [&hellip;]<\/p>\n","protected":false},"author":2,"featured_media":0,"parent":0,"menu_order":0,"comment_status":"closed","ping_status":"closed","template":"","meta":{"footnotes":""},"class_list":["post-858","page","type-page","status-publish","hentry"],"_links":{"self":[{"href":"https:\/\/paar-gespraech.de\/es\/wp-json\/wp\/v2\/pages\/858","targetHints":{"allow":["GET"]}}],"collection":[{"href":"https:\/\/paar-gespraech.de\/es\/wp-json\/wp\/v2\/pages"}],"about":[{"href":"https:\/\/paar-gespraech.de\/es\/wp-json\/wp\/v2\/types\/page"}],"author":[{"embeddable":true,"href":"https:\/\/paar-gespraech.de\/es\/wp-json\/wp\/v2\/users\/2"}],"replies":[{"embeddable":true,"href":"https:\/\/paar-gespraech.de\/es\/wp-json\/wp\/v2\/comments?post=858"}],"version-history":[{"count":1,"href":"https:\/\/paar-gespraech.de\/es\/wp-json\/wp\/v2\/pages\/858\/revisions"}],"predecessor-version":[{"id":861,"href":"https:\/\/paar-gespraech.de\/es\/wp-json\/wp\/v2\/pages\/858\/revisions\/861"}],"wp:attachment":[{"href":"https:\/\/paar-gespraech.de\/es\/wp-json\/wp\/v2\/media?parent=858"}],"curies":[{"name":"wp","href":"https:\/\/api.w.org\/{rel}","templated":true}]}}